{"id":188,"date":"2019-05-13T14:32:22","date_gmt":"2019-05-13T18:32:22","guid":{"rendered":"https:\/\/www.payrossilaw.com\/home\/"},"modified":"2025-11-25T11:30:30","modified_gmt":"2025-11-25T16:30:30","slug":"home","status":"publish","type":"page","link":"https:\/\/www.payrossilaw.com\/es\/","title":{"rendered":"Inicio"},"content":{"rendered":"<section class=\"l-section wpb_row us_custom_4854c41d height_small type_sticky\"><div class=\"l-section-overlay\" style=\"background:#ffffff\"><\/div><div class=\"l-section-h i-cf\"><div class=\"g-cols vc_row via_grid cols_1 laptops-cols_inherit tablets-cols_inherit mobiles-cols_1 valign_top type_default stacking_default\"><div class=\"wpb_column vc_column_container\"><div class=\"vc_column-inner\"><div class=\"wpb_text_column\"><div class=\"wpb_wrapper\"><p style=\"text-align: center;\">Rossi Law Offices, Ltd.es un cobrador de deudas.<br \/>\nEstamos tratando de collector una deuda que usted tiene. Usaremos cualquier informaci\u00f3n que nos brinde para ayudar a cobrar la deuda.<br \/>\nLas leyes generales del Estado de Rhode Island proh\u00edben que las agencias de cr\u00e9dito reporten deudas m\u00e9dicas e incluyendo deueda m\u00e9dica en la puntuaci\u00f3n de cr\u00e9dito.<\/p>\n<\/div><\/div><\/div><\/div><\/div><\/div><\/section><section class=\"l-section wpb_row height_small\"><div class=\"l-section-h i-cf\"><div class=\"g-cols vc_row via_grid cols_1-4-1 laptops-cols_inherit tablets-cols_inherit mobiles-cols_1 valign_top type_default stacking_default\"><div class=\"wpb_column vc_column_container\"><div class=\"vc_column-inner\"><\/div><\/div><div class=\"wpb_column vc_column_container us_custom_4cfb87d6\"><div class=\"vc_column-inner\"><div class=\"w-separator us_custom_49f317a8 size_small has_font_size with_line width_50 thick_1 style_solid color_border align_center with_content\"><div class=\"w-separator-h\"><i class=\"fas fa-balance-scale\"><\/i><\/div><\/div><div class=\"wpb_text_column\"><div class=\"wpb_wrapper\"><h1 style=\"text-align: center;\">Bienvenido a la p\u00e1gina web de comunicaci\u00f3n y pago del bufete legal Rossi Law Offices, LTD.<\/h1>\n<h5 style=\"text-align: center;\">Esperamos que este m\u00e9todo de pago y comunicaci\u00f3n le resulte c\u00f3modo y f\u00e1cil de usar. Haga clic en los enlaces que desee utilizar.<\/h5>\n<\/div><\/div><div class=\"w-separator us_custom_49f317a8 size_small has_font_size with_line width_50 thick_1 style_solid color_border align_center with_content\"><div class=\"w-separator-h\"><i class=\"fas fa-balance-scale\"><\/i><\/div><\/div><\/div><\/div><div class=\"wpb_column vc_column_container\"><div class=\"vc_column-inner\"><\/div><\/div><\/div><\/div><\/section><section class=\"l-section wpb_row us_custom_b456aa4d callouts height_small\"><div class=\"l-section-h i-cf\"><div class=\"g-cols vc_row via_grid cols_4 laptops-cols_inherit tablets-cols_inherit mobiles-cols_1 valign_top type_default stacking_default\"><div class=\"wpb_column vc_column_container\"><div class=\"vc_column-inner\">[vc_raw_html]PGEgaHJlZj0iaHR0cHM6Ly93d3cucGF5cm9zc2lsYXcuY29tL2VzL21ha2UtYS1wYXltZW50LWJ5LWNyZWRpdC1jYXJkLyIgY2xhc3M9ImJ0biI+TWFrZSBBPGJyPlBheW1lbnQ8L2E+[\/vc_raw_html]<\/div><\/div><div class=\"wpb_column vc_column_container\"><div class=\"vc_column-inner\">[vc_raw_html]PGEgaHJlZj0iaHR0cHM6Ly93d3cucGF5cm9zc2lsYXcuY29tL2VzL3Byb3BvbmdhLXVuLXBsYW4tZGUtcGFnby8iIGNsYXNzPSJidG4iPlByb3Bvc2UgYTxicj5QYXltZW50IFBsYW48L2E+[\/vc_raw_html]<\/div><\/div><div class=\"wpb_column vc_column_container\"><div class=\"vc_column-inner\">[vc_raw_html]PGEgaHJlZj0iaHR0cHM6Ly93d3cucGF5cm9zc2lsYXcuY29tL2VzL2NvbnRlc3QtdGhlLWRlYnQtcmVzcG9uZC1vci1maWxlLWEtcmVxdWVzdC0yLyIgY2xhc3M9ImJ0biI+RW1haWwgVXMgdG88YnI+RGlzcHV0ZSwgUmVzcG9uZCBvciBNYWtlIGEgUmVxdWVzdDwvYT4=[\/vc_raw_html]<\/div><\/div><div class=\"wpb_column vc_column_container\"><div class=\"vc_column-inner\">[vc_raw_html]PGEgaHJlZj0iaHR0cHM6Ly93d3cucGF5cm9zc2lsYXcuY29tL2VzL3ByZWd1bnRhcy1mcmVjdWVudGVzLyIgY2xhc3M9ImJ0biI+RkFRcyBhbmQ8YnI+aW5mb3JtYXRpb248L2E+[\/vc_raw_html]<\/div><\/div><\/div><\/div><\/section>\n","protected":false},"excerpt":{"rendered":"Rossi Law Offices, Ltd.es un cobrador de deudas. Estamos tratando de collector una deuda que usted tiene. Usaremos cualquier informaci\u00f3n que nos brinde para ayudar a cobrar la deuda. Las leyes generales del Estado de Rhode Island proh\u00edben que las agencias de cr\u00e9dito reporten deudas m\u00e9dicas e incluyendo deueda m\u00e9dica en la puntuaci\u00f3n de cr\u00e9dito....","protected":false},"author":1,"featured_media":0,"parent":0,"menu_order":0,"comment_status":"closed","ping_status":"closed","template":"","meta":{"footnotes":""},"class_list":["post-188","page","type-page","status-publish","hentry"],"_links":{"self":[{"href":"https:\/\/www.payrossilaw.com\/es\/wp-json\/wp\/v2\/pages\/188","targetHints":{"allow":["GET"]}}],"collection":[{"href":"https:\/\/www.payrossilaw.com\/es\/wp-json\/wp\/v2\/pages"}],"about":[{"href":"https:\/\/www.payrossilaw.com\/es\/wp-json\/wp\/v2\/types\/page"}],"author":[{"embeddable":true,"href":"https:\/\/www.payrossilaw.com\/es\/wp-json\/wp\/v2\/users\/1"}],"replies":[{"embeddable":true,"href":"https:\/\/www.payrossilaw.com\/es\/wp-json\/wp\/v2\/comments?post=188"}],"version-history":[{"count":12,"href":"https:\/\/www.payrossilaw.com\/es\/wp-json\/wp\/v2\/pages\/188\/revisions"}],"predecessor-version":[{"id":359,"href":"https:\/\/www.payrossilaw.com\/es\/wp-json\/wp\/v2\/pages\/188\/revisions\/359"}],"wp:attachment":[{"href":"https:\/\/www.payrossilaw.com\/es\/wp-json\/wp\/v2\/media?parent=188"}],"curies":[{"name":"wp","href":"https:\/\/api.w.org\/{rel}","templated":true}]}}