{"id":196,"date":"2019-05-13T14:59:33","date_gmt":"2019-05-13T18:59:33","guid":{"rendered":"https:\/\/www.payrossilaw.com\/make-a-payment-by-credit-card\/"},"modified":"2025-11-25T11:30:31","modified_gmt":"2025-11-25T16:30:31","slug":"make-a-payment-by-credit-card","status":"publish","type":"page","link":"https:\/\/www.payrossilaw.com\/es\/make-a-payment-by-credit-card\/","title":{"rendered":"Haga un pago con tarjeta de cr\u00e9dito"},"content":{"rendered":"<section class=\"l-section wpb_row us_custom_f37aca33 height_auto\"><div class=\"l-section-h i-cf\"><div class=\"g-cols vc_row via_grid cols_1 laptops-cols_inherit tablets-cols_inherit mobiles-cols_1 valign_top type_default stacking_default\"><div class=\"wpb_column vc_column_container\"><div class=\"vc_column-inner\"><div class=\"wpb_text_column\"><div class=\"wpb_wrapper\"><h6 style=\"text-align: center;\">Para hacer un pago con tarjeta de cr\u00e9dito, usted necesitar\u00e1 la siguiente informaci\u00f3n<\/h6>\n<\/div><\/div><div class=\"g-cols wpb_row us_custom_8213724b via_grid cols_3 laptops-cols_inherit tablets-cols_inherit mobiles-cols_1 valign_middle type_default stacking_default\" style=\"--columns-gap:3rem;\"><div class=\"wpb_column vc_column_container us_custom_815c1c57 us_animate_afl\" style=\"animation-delay:0.6s\"><div class=\"vc_column-inner\"><div class=\"wpb_text_column\"><div class=\"wpb_wrapper\"><h5 style=\"text-align: center;\">N\u00daMERO DE REFERENCIA<\/h5>\n<p style=\"text-align: center;\">(ubicado en la carta enviada por Rossi como el n\u00famero de cuenta Rossi)<\/p>\n<\/div><\/div><\/div><\/div><div class=\"wpb_column vc_column_container us_custom_815c1c57 us_animate_afc\" style=\"animation-delay:0.8s\"><div class=\"vc_column-inner\"><div class=\"wpb_text_column us_custom_7fe20bcc\"><div class=\"wpb_wrapper\"><h5 style=\"text-align: center;\">N\u00daMERO DE PIN<\/h5>\n<p style=\"text-align: center;\">(se encuentra en la carta enviada por Rossi)<\/p>\n<\/div><\/div><\/div><\/div><div class=\"wpb_column vc_column_container us_custom_815c1c57 us_animate_afr\" style=\"animation-delay:1s\"><div class=\"vc_column-inner\"><div class=\"wpb_text_column\"><div class=\"wpb_wrapper\"><h5 style=\"text-align: center;\">LA INFORMACI\u00d3N DE SU TARJETA DE CR\u00c9DITO<\/h5>\n<p style=\"text-align: center;\">(incluido su c\u00f3digo de seguridad de 3 o 4 d\u00edgitos)<\/p>\n<\/div><\/div><\/div><\/div><\/div><div class=\"w-btn-wrapper align_center\"><a class=\"w-btn us-btn-style_3\" target=\" _blank\" rel=\"nofollow\" href=\"https:\/\/payrossilaw.ondakcs.com\/c\/?s=eyJmZWVBbW91bnQiOjAsInplcm9Db3N0IjpmYWxzZX0=\"><span class=\"w-btn-label\">Proceda a hacer su pago con tarjeta de cr\u00e9dito<\/span><\/a><\/div><div class=\"wpb_text_column us_custom_9b36ddac\"><div class=\"wpb_wrapper\"><h4 style=\"text-align: center;\"><strong>Si no puede ubicar su n\u00famero de cuenta o su n\u00famero de PIN, llame a nuestra oficina al 401-231-3433 o 800-647-6774. Tambi\u00e9n puede <a href=\"https:\/\/www.payrossilaw.com\/es\/contest-the-debt-respond-or-file-a-request\/\">escribirnos<\/a>.<\/strong><\/h4>\n<p style=\"text-align: center;\"><em>Aceptamos:<br \/>\n<\/em><br \/>\n<img loading=\"lazy\" decoding=\"async\" class=\"aligncenter size-full wp-image-95\" src=\"https:\/\/www.payrossilaw.com\/wp-content\/uploads\/2019\/05\/cc.png\" alt=\"\" width=\"250\" height=\"40\" \/><\/p>\n<\/div><\/div><\/div><\/div><\/div><\/div><\/section>\n","protected":false},"excerpt":{"rendered":"Para hacer un pago con tarjeta de cr\u00e9dito, usted necesitar\u00e1 la siguiente informaci\u00f3n N\u00daMERO DE REFERENCIA (ubicado en la carta enviada por Rossi como el n\u00famero de cuenta Rossi) N\u00daMERO DE PIN (se encuentra en la carta enviada por Rossi) LA INFORMACI\u00d3N DE SU TARJETA DE CR\u00c9DITO (incluido su c\u00f3digo de seguridad de 3 o...","protected":false},"author":1,"featured_media":0,"parent":0,"menu_order":0,"comment_status":"closed","ping_status":"closed","template":"","meta":{"footnotes":""},"class_list":["post-196","page","type-page","status-publish","hentry"],"_links":{"self":[{"href":"https:\/\/www.payrossilaw.com\/es\/wp-json\/wp\/v2\/pages\/196","targetHints":{"allow":["GET"]}}],"collection":[{"href":"https:\/\/www.payrossilaw.com\/es\/wp-json\/wp\/v2\/pages"}],"about":[{"href":"https:\/\/www.payrossilaw.com\/es\/wp-json\/wp\/v2\/types\/page"}],"author":[{"embeddable":true,"href":"https:\/\/www.payrossilaw.com\/es\/wp-json\/wp\/v2\/users\/1"}],"replies":[{"embeddable":true,"href":"https:\/\/www.payrossilaw.com\/es\/wp-json\/wp\/v2\/comments?post=196"}],"version-history":[{"count":11,"href":"https:\/\/www.payrossilaw.com\/es\/wp-json\/wp\/v2\/pages\/196\/revisions"}],"predecessor-version":[{"id":361,"href":"https:\/\/www.payrossilaw.com\/es\/wp-json\/wp\/v2\/pages\/196\/revisions\/361"}],"wp:attachment":[{"href":"https:\/\/www.payrossilaw.com\/es\/wp-json\/wp\/v2\/media?parent=196"}],"curies":[{"name":"wp","href":"https:\/\/api.w.org\/{rel}","templated":true}]}}