{"id":209,"date":"2019-05-14T14:59:20","date_gmt":"2019-05-14T18:59:20","guid":{"rendered":"https:\/\/www.payrossilaw.com\/preguntas-frecuentes-sobre-el-impuesto-especial-a-vehiculos-motorizados-de-rhode-island\/"},"modified":"2023-11-15T12:34:06","modified_gmt":"2023-11-15T17:34:06","slug":"preguntas-frecuentes-sobre-el-impuesto-especial-a-vehiculos-motorizados-de-rhode-island","status":"publish","type":"page","link":"https:\/\/www.payrossilaw.com\/es\/preguntas-frecuentes-sobre-el-impuesto-especial-a-vehiculos-motorizados-de-rhode-island\/","title":{"rendered":"Preguntas frecuentes sobre el impuesto especial a veh\u00edculos motorizados de Rhode Island"},"content":{"rendered":"<section class=\"l-section wpb_row height_small\"><div class=\"l-section-h i-cf\"><div class=\"g-cols vc_row via_grid cols_1 laptops-cols_inherit tablets-cols_inherit mobiles-cols_1 valign_top type_default stacking_default\"><div class=\"wpb_column vc_column_container\"><div class=\"vc_column-inner\"><div class=\"wpb_text_column\"><div class=\"wpb_wrapper\"><p>Todos los veh\u00edculos motorizados matriculados a su nombre ser\u00e1n gravados cada a\u00f1o por la ciudad o el pueblo que usted haya indicado en el Registro de Veh\u00edculos Motorizados en el que se matricular\u00e1 el veh\u00edculo. Este impuesto se denomina Impuesto especial sobre veh\u00edculos motorizados y se aplica de conformidad con el T\u00edtulo 44, Cap\u00edtulo 34 de las Leyes Generales del Estado de Rhode Island.<\/p>\n<\/div><\/div><\/div><\/div><\/div><\/div><\/section><section class=\"l-section wpb_row height_small\"><div class=\"l-section-h i-cf\"><div class=\"g-cols vc_row via_grid cols_1 laptops-cols_inherit tablets-cols_inherit mobiles-cols_1 valign_top type_default stacking_default\"><div class=\"wpb_column vc_column_container\"><div class=\"vc_column-inner\"><div class=\"w-tabs style_default switch_click accordion has_scrolling\" style=\"--sections-title-size:inherit\"><div class=\"w-tabs-sections titles-align_none icon_chevron cpos_right\"><div class=\"w-tabs-section\" id=\"k3fe\"><button class=\"w-tabs-section-header\" aria-controls=\"content-k3fe\" aria-expanded=\"false\"><div class=\"w-tabs-section-title\">\u00bfC\u00f3mo se aplica este impuesto?<\/div><div class=\"w-tabs-section-control\"><\/div><\/button><div  class=\"w-tabs-section-content\" id=\"content-k3fe\"><div class=\"w-tabs-section-content-h i-cf\"><div class=\"wpb_text_column\"><div class=\"wpb_wrapper\"><p>Los veh\u00edculos motorizados se gravan el a\u00f1o siguiente al de matriculaci\u00f3n. Por ejemplo, un veh\u00edculo motorizado matriculado a su nombre en cualquier periodo del a\u00f1o 2020 se grava en el a\u00f1o 2021.<\/p>\n<\/div><\/div><\/div><\/div><\/div><div class=\"w-tabs-section\" id=\"d64a\"><button class=\"w-tabs-section-header\" aria-controls=\"content-d64a\" aria-expanded=\"false\"><div class=\"w-tabs-section-title\">No he sido propietario del veh\u00edculo durante todo el a\u00f1o, \u00bfsigo tributando?<\/div><div class=\"w-tabs-section-control\"><\/div><\/button><div  class=\"w-tabs-section-content\" id=\"content-d64a\"><div class=\"w-tabs-section-content-h i-cf\"><div class=\"wpb_text_column\"><div class=\"wpb_wrapper\"><p>El impuesto se prorratea en funci\u00f3n del n\u00famero de d\u00edas que el veh\u00edculo haya estado matriculado cada a\u00f1o. Por ejemplo, si matricul\u00f3 su veh\u00edculo del 1 al 10 de enero de 2020; recibir\u00e1 una factura de impuestos prorrateada a 10 d\u00edas en el a\u00f1o siguiente 2021.<\/p>\n<\/div><\/div><\/div><\/div><\/div><div class=\"w-tabs-section\" id=\"c7f1\"><button class=\"w-tabs-section-header\" aria-controls=\"content-c7f1\" aria-expanded=\"false\"><div class=\"w-tabs-section-title\">\u00bfQu\u00e9 pasa si mi veh\u00edculo se vendid\u00f3, cedi\u00f3 o fue robado?<\/div><div class=\"w-tabs-section-control\"><\/div><\/button><div  class=\"w-tabs-section-content\" id=\"content-c7f1\"><div class=\"w-tabs-section-content-h i-cf\"><div class=\"wpb_text_column\"><div class=\"wpb_wrapper\"><p>El impuesto se mantendr\u00e1 durante todos los a\u00f1os de matriculaci\u00f3n del veh\u00edculo. Si su veh\u00edculo fue robado, o si se deshizo de \u00e9l o lo vendi\u00f3, pero no devolvi\u00f3 inmediatamente las placas al Registro de Veh\u00edculos Motorizados y cancel\u00f3 la matr\u00edcula, el impuesto se seguir\u00e1 cobrando hasta que la matr\u00edcula se cancele o caduque.<\/p>\n<\/div><\/div><\/div><\/div><\/div><div class=\"w-tabs-section\" id=\"da4a\"><button class=\"w-tabs-section-header\" aria-controls=\"content-da4a\" aria-expanded=\"false\"><div class=\"w-tabs-section-title\">\u00bfPor qu\u00e9 hay un impuesto si me mud\u00e8 del estado?<\/div><div class=\"w-tabs-section-control\"><\/div><\/button><div  class=\"w-tabs-section-content\" id=\"content-da4a\"><div class=\"w-tabs-section-content-h i-cf\"><div class=\"wpb_text_column\"><div class=\"wpb_wrapper\"><p>Si se muda del estado, debe cancelar su registro y devolver sus placas al Registro de Veh\u00edculos Motorizados. En caso contrario, el impuesto y la multa seguir\u00e1n aplic\u00e1ndose hasta que se cancele o <strong>caduque el registro. <\/strong><\/p>\n<\/div><\/div><\/div><\/div><\/div><div class=\"w-tabs-section\" id=\"nbad\"><button class=\"w-tabs-section-header\" aria-controls=\"content-nbad\" aria-expanded=\"false\"><div class=\"w-tabs-section-title\">\u00bfC\u00f3mo puedo ser gravado mi vehiculo por esta ciudad\/pueblo por un tiempo en el que no viv\u00ed all\u00ed?<\/div><div class=\"w-tabs-section-control\"><\/div><\/button><div  class=\"w-tabs-section-content\" id=\"content-nbad\"><div class=\"w-tabs-section-content-h i-cf\"><div class=\"wpb_text_column\"><div class=\"wpb_wrapper\"><p>El impuesto se basa en la direcci\u00f3n de registro y no en su direcci\u00f3n de residencia actual en una ciudad o pueblo. Si se mud\u00f3 a otra ciudad o pueblo pero no notific\u00f3 el cambio de domicilio al Registro, el impuesto seguir\u00e1 siendo cobrado por la ciudad o pueblo que figure en la matr\u00edcula del veh\u00edculo aunque ya no viva all\u00ed.<\/p>\n<\/div><\/div><\/div><\/div><\/div><div class=\"w-tabs-section\" id=\"odfe\"><button class=\"w-tabs-section-header\" aria-controls=\"content-odfe\" aria-expanded=\"false\"><div class=\"w-tabs-section-title\">Nunca recib\u00ed una factura, as\u00ed que \u00bfpor qu\u00e9 tengo que pagar el impuesto?<\/div><div class=\"w-tabs-section-control\"><\/div><\/button><div  class=\"w-tabs-section-content\" id=\"content-odfe\"><div class=\"w-tabs-section-content-h i-cf\"><div class=\"wpb_text_column\"><div class=\"wpb_wrapper\"><p>No se le eximir\u00e1 de pagar el impuesto o la multa por no haber recibido la factura del impuesto. Al matricular un veh\u00edculo motorizado se le notifica que se le cobrar\u00e1 un impuesto. Si no recibe la factura correspondiente al ejercicio fiscal, tiene la obligaci\u00f3n de informarse en la oficina de recaudaci\u00f3n de impuestos. \u00abEl hecho de que el recaudador de impuestos no env\u00ede o el contribuyente no reciba una factura no lo eximir\u00e1 el pago del impuesto ni afectar\u00e1 la validez de cualquier procedimiento para su recaudaci\u00f3n.<sup>11<\/sup> Leyes Generales de Rhode Island \u00a744-34-3(e).<\/p>\n<\/div><\/div><\/div><\/div><\/div><div class=\"w-tabs-section\" id=\"ef6a\"><button class=\"w-tabs-section-header\" aria-controls=\"content-ef6a\" aria-expanded=\"false\"><div class=\"w-tabs-section-title\">Pude matricular mi veh\u00edculo, as\u00ed que \u00bfc\u00f3mo es posible que a\u00fan deba pagar este impuesto?<\/div><div class=\"w-tabs-section-control\"><\/div><\/button><div  class=\"w-tabs-section-content\" id=\"content-ef6a\"><div class=\"w-tabs-section-content-h i-cf\"><div class=\"wpb_text_column\"><div class=\"wpb_wrapper\"><p>Si bien la ley estatal proh\u00edbe que se matricule un veh\u00edculo con impuestos pendientes, el Registro de Veh\u00edculos Motorizados no puede identificar y cotejar a todas las personas que adeudan dichos impuestos. No es infrecuente que las personas que deben impuestos de veh\u00edculos motorizados puedan registrar un veh\u00edculo. El hecho de haber podido matricular un veh\u00edculo con deuda del impuesto no es prueba de pago del mismo.<\/p>\n<\/div><\/div><\/div><\/div><\/div><\/div><\/div><\/div><\/div><\/div><\/div><\/section><section class=\"l-section wpb_row height_small\"><div class=\"l-section-h i-cf\"><div class=\"g-cols vc_row via_grid cols_1 laptops-cols_inherit tablets-cols_inherit mobiles-cols_1 valign_top type_default stacking_default\"><div class=\"wpb_column vc_column_container\"><div class=\"vc_column-inner\"><div class=\"wpb_text_column\"><div class=\"wpb_wrapper\"><p><em><strong>AVISO:<\/strong> Las preguntas frecuentes anteriores s\u00f3lo pretenden proporcionar informaci\u00f3n <u>general<\/u> sobre los impuestos especiales de veh\u00edculos de motor. Esta informaci\u00f3n <u>no<\/u> constituye asesoramiento jur\u00eddico y no debe considerarse como tal. Debe consultar a su propio abogado sobre su situaci\u00f3n particular.<\/em><\/p>\n<\/div><\/div><\/div><\/div><\/div><\/div><\/section>\n","protected":false},"excerpt":{"rendered":"Todos los veh\u00edculos motorizados matriculados a su nombre ser\u00e1n gravados cada a\u00f1o por la ciudad o el pueblo que usted haya indicado en el Registro de Veh\u00edculos Motorizados en el que se matricular\u00e1 el veh\u00edculo. Este impuesto se denomina Impuesto especial sobre veh\u00edculos motorizados y se aplica de conformidad con el T\u00edtulo 44, Cap\u00edtulo 34...","protected":false},"author":1,"featured_media":0,"parent":0,"menu_order":0,"comment_status":"closed","ping_status":"closed","template":"","meta":{"footnotes":""},"class_list":["post-209","page","type-page","status-publish","hentry"],"_links":{"self":[{"href":"https:\/\/www.payrossilaw.com\/es\/wp-json\/wp\/v2\/pages\/209","targetHints":{"allow":["GET"]}}],"collection":[{"href":"https:\/\/www.payrossilaw.com\/es\/wp-json\/wp\/v2\/pages"}],"about":[{"href":"https:\/\/www.payrossilaw.com\/es\/wp-json\/wp\/v2\/types\/page"}],"author":[{"embeddable":true,"href":"https:\/\/www.payrossilaw.com\/es\/wp-json\/wp\/v2\/users\/1"}],"replies":[{"embeddable":true,"href":"https:\/\/www.payrossilaw.com\/es\/wp-json\/wp\/v2\/comments?post=209"}],"version-history":[{"count":10,"href":"https:\/\/www.payrossilaw.com\/es\/wp-json\/wp\/v2\/pages\/209\/revisions"}],"predecessor-version":[{"id":302,"href":"https:\/\/www.payrossilaw.com\/es\/wp-json\/wp\/v2\/pages\/209\/revisions\/302"}],"wp:attachment":[{"href":"https:\/\/www.payrossilaw.com\/es\/wp-json\/wp\/v2\/media?parent=209"}],"curies":[{"name":"wp","href":"https:\/\/api.w.org\/{rel}","templated":true}]}}