{"id":213,"date":"2019-05-14T15:19:40","date_gmt":"2019-05-14T19:19:40","guid":{"rendered":"https:\/\/www.payrossilaw.com\/preguntas-frecuentes-sobre-el-impuesto-a-bienes-materiales-de-rhode-island\/"},"modified":"2023-11-15T12:36:19","modified_gmt":"2023-11-15T17:36:19","slug":"preguntas-frecuentes-sobre-el-impuesto-a-bienes-materiales-de-rhode-island","status":"publish","type":"page","link":"https:\/\/www.payrossilaw.com\/es\/preguntas-frecuentes-sobre-el-impuesto-a-bienes-materiales-de-rhode-island\/","title":{"rendered":"Preguntas frecuentes sobre el impuesto a sobre bienes materiales de Rhode Island"},"content":{"rendered":"<section class=\"l-section wpb_row height_small\"><div class=\"l-section-h i-cf\"><div class=\"g-cols vc_row via_grid cols_1 laptops-cols_inherit tablets-cols_inherit mobiles-cols_1 valign_top type_default stacking_default\"><div class=\"wpb_column vc_column_container\"><div class=\"vc_column-inner\"><div class=\"w-tabs style_default switch_click accordion has_scrolling\" style=\"--sections-title-size:inherit\"><div class=\"w-tabs-sections titles-align_none icon_chevron cpos_right\"><div class=\"w-tabs-section\" id=\"v237\"><button class=\"w-tabs-section-header\" aria-controls=\"content-v237\" aria-expanded=\"false\"><div class=\"w-tabs-section-title\">\u00bfQu\u00e9 es el impuesto comercial sobre bienes materiales?<\/div><div class=\"w-tabs-section-control\"><\/div><\/button><div  class=\"w-tabs-section-content\" id=\"content-v237\"><div class=\"w-tabs-section-content-h i-cf\"><div class=\"wpb_text_column\"><div class=\"wpb_wrapper\"><p>Por lo general, el impuesto sobre bienes materiales es un impuesto recaudado por una ciudad o pueblo sobre todos los bienes personales pose\u00eddos y utilizados en relaci\u00f3n con su negocio. Su casa m\u00f3vil tambi\u00e9n estar\u00e1 sujeta a un impuesto sobre bienes muebles. Los impuestos sobre bienes materiales no incluyen los impuestos sobre bienes inmuebles, que son un impuesto aparte. Los impuestos sobre bienes materiales se calculan de conformidad con el T\u00edtulo 44, Cap\u00edtulo 5, de las Leyes Generales de Rhode Island.<\/p>\n<\/div><\/div><\/div><\/div><\/div><div class=\"w-tabs-section\" id=\"b3e5\"><button class=\"w-tabs-section-header\" aria-controls=\"content-b3e5\" aria-expanded=\"false\"><div class=\"w-tabs-section-title\">\u00bfC\u00f3mo se calcula el impuesto sobre bienes materiales?<\/div><div class=\"w-tabs-section-control\"><\/div><\/button><div  class=\"w-tabs-section-content\" id=\"content-b3e5\"><div class=\"w-tabs-section-content-h i-cf\"><div class=\"wpb_text_column\"><div class=\"wpb_wrapper\"><p>La ley le obliga a presentar el 1 de marzo de cada a\u00f1o un inventario de todos los bienes materiales utilizados en su empresa al 31 de diciembre del a\u00f1o anterior. Esta contabilidad se denomina a veces declaraci\u00f3n anual. A continuaci\u00f3n, el asesor fiscal determinar\u00e1 el impuesto tangible en funci\u00f3n de su determinaci\u00f3n del valor de esa propiedad.<\/p>\n<\/div><\/div><\/div><\/div><\/div><div class=\"w-tabs-section\" id=\"n553\"><button class=\"w-tabs-section-header\" aria-controls=\"content-n553\" aria-expanded=\"false\"><div class=\"w-tabs-section-title\">\u00bfQu\u00e9 ocurre si no presento la declaraci\u00f3n anual?<\/div><div class=\"w-tabs-section-control\"><\/div><\/button><div  class=\"w-tabs-section-content\" id=\"content-n553\"><div class=\"w-tabs-section-content-h i-cf\"><div class=\"wpb_text_column\"><div class=\"wpb_wrapper\"><p>Si no presenta la declaraci\u00f3n anual de todos sus bienes materiales imponibles, el asesor fiscal har\u00e1 su propia estimaci\u00f3n del valor de los bienes. Aunque esa estimaci\u00f3n sea err\u00f3nea, usted est\u00e1 obligado a pagar el impuesto. Es importante presentar la declaraci\u00f3n al asesor fiscal todos y cada uno de los a\u00f1os porque la no presentaci\u00f3n de la declaraci\u00f3n anual supone una renuncia permanente a cualquier derecho a impugnar el importe de la liquidaci\u00f3n del impuesto.<\/p>\n<\/div><\/div><\/div><\/div><\/div><div class=\"w-tabs-section\" id=\"c6ed\"><button class=\"w-tabs-section-header\" aria-controls=\"content-c6ed\" aria-expanded=\"false\"><div class=\"w-tabs-section-title\">\u00bfPuedo impugnar la liquidaci\u00f3n del impuesto sobre bienes materiales?<\/div><div class=\"w-tabs-section-control\"><\/div><\/button><div  class=\"w-tabs-section-content\" id=\"content-c6ed\"><div class=\"w-tabs-section-content-h i-cf\"><div class=\"wpb_text_column\"><div class=\"wpb_wrapper\"><p>Suponiendo que haya presentado la declaraci\u00f3n anual correspondiente al ejercicio fiscal en cuesti\u00f3n y crea que se le ha cobrado de m\u00e1s, la \u00fanica manera de impugnar el impuesto es a trav\u00e9s del estricto procedimiento legal establecido en el art\u00edculo 44-5-26 de las Leyes Generales de Rhode Island. El procedimiento debe ser iniciado por usted a m\u00e1s tardar noventa (90) d\u00edas despu\u00e9s de la \u00faltima fecha en que el impuesto podr\u00eda pagarse sin penalizaci\u00f3n. De lo contrario, su derecho a impugnar el impuesto queda anulado y prescrito. El art\u00edculo 44-5-26 de las Leyes Generales de Rhode Island establece un procedimiento para impugnar la legalidad del impuesto, pero dicho proceso tambi\u00e9n debe iniciarse en un plazo m\u00e1ximo de noventa (90) d\u00edas a partir de la \u00faltima fecha en que el impuesto podr\u00eda pagarse sin penalizaci\u00f3n.<\/p>\n<\/div><\/div><\/div><\/div><\/div><div class=\"w-tabs-section\" id=\"f849\"><button class=\"w-tabs-section-header\" aria-controls=\"content-f849\" aria-expanded=\"false\"><div class=\"w-tabs-section-title\">\u00bfPor qu\u00e9 tengo que pagar intereses\/penalizaciones sobre el impuesto de bienes materiales??<\/div><div class=\"w-tabs-section-control\"><\/div><\/button><div  class=\"w-tabs-section-content\" id=\"content-f849\"><div class=\"w-tabs-section-content-h i-cf\"><div class=\"wpb_text_column\"><div class=\"wpb_wrapper\"><p>Las Leyes Generales de Rhode Island disponen que se devenguen intereses\/multas sobre los impuestos de propiedad impagos.<\/p>\n<\/div><\/div><\/div><\/div><\/div><div class=\"w-tabs-section\" id=\"j99f\"><button class=\"w-tabs-section-header\" aria-controls=\"content-j99f\" aria-expanded=\"false\"><div class=\"w-tabs-section-title\">Nunca recib\u00ed una factura de impuestos, as\u00ed que \u00bfpor qu\u00e9 tengo que pagar el impuesto y los intereses\/penalizaci\u00f3n?<\/div><div class=\"w-tabs-section-control\"><\/div><\/button><div  class=\"w-tabs-section-content\" id=\"content-j99f\"><div class=\"w-tabs-section-content-h i-cf\"><div class=\"wpb_text_column\"><div class=\"wpb_wrapper\"><p>El art\u00edculo 44-7-7 de las Leyes Generales de Rhode Island establece que el hecho de que el ayuntamiento no env\u00ede o el propietario no reciba la factura del impuesto, no exime de la obligaci\u00f3n de pagar el impuesto a su vencimiento. Es nuestra posici\u00f3n que el t\u00edtulo o la propiedad o el uso de bienes muebles tangibles es aviso de que un impuesto ser\u00e1 aplicado como lo requiere la ley estatal. Si usted no recibi\u00f3 una factura de impuestos, es su obligaci\u00f3n legal informarse con el recaudador de impuestos.<\/p>\n<\/div><\/div><\/div><\/div><\/div><\/div><\/div><\/div><\/div><\/div><\/div><\/section><section class=\"l-section wpb_row height_small\"><div class=\"l-section-h i-cf\"><div class=\"g-cols vc_row via_grid cols_1 laptops-cols_inherit tablets-cols_inherit mobiles-cols_1 valign_top type_default stacking_default\"><div class=\"wpb_column vc_column_container\"><div class=\"vc_column-inner\"><div class=\"wpb_text_column\"><div class=\"wpb_wrapper\"><p><em><strong>AVISO<\/strong>: Las preguntas frecuentes anteriores s\u00f3lo pretenden proporcionar informaci\u00f3n general sobre los impuestos R.I. a los bienes materiales. Esta informaci\u00f3n <u>no<\/u> constituye asesoramiento jur\u00eddico y no debe considerarse como tal. Debe consultar a su propio abogado sobre su situaci\u00f3n particular.<\/em><\/p>\n<\/div><\/div><\/div><\/div><\/div><\/div><\/section>\n","protected":false},"excerpt":{"rendered":"\u00bfQu\u00e9 es el impuesto comercial sobre bienes materiales?Por lo general, el impuesto sobre bienes materiales es un impuesto recaudado por una ciudad o pueblo sobre todos los bienes personales pose\u00eddos y utilizados en relaci\u00f3n con su negocio. Su casa m\u00f3vil tambi\u00e9n estar\u00e1 sujeta a un impuesto sobre bienes muebles. Los impuestos sobre bienes materiales no...","protected":false},"author":1,"featured_media":0,"parent":0,"menu_order":0,"comment_status":"closed","ping_status":"closed","template":"","meta":{"footnotes":""},"class_list":["post-213","page","type-page","status-publish","hentry"],"_links":{"self":[{"href":"https:\/\/www.payrossilaw.com\/es\/wp-json\/wp\/v2\/pages\/213","targetHints":{"allow":["GET"]}}],"collection":[{"href":"https:\/\/www.payrossilaw.com\/es\/wp-json\/wp\/v2\/pages"}],"about":[{"href":"https:\/\/www.payrossilaw.com\/es\/wp-json\/wp\/v2\/types\/page"}],"author":[{"embeddable":true,"href":"https:\/\/www.payrossilaw.com\/es\/wp-json\/wp\/v2\/users\/1"}],"replies":[{"embeddable":true,"href":"https:\/\/www.payrossilaw.com\/es\/wp-json\/wp\/v2\/comments?post=213"}],"version-history":[{"count":9,"href":"https:\/\/www.payrossilaw.com\/es\/wp-json\/wp\/v2\/pages\/213\/revisions"}],"predecessor-version":[{"id":303,"href":"https:\/\/www.payrossilaw.com\/es\/wp-json\/wp\/v2\/pages\/213\/revisions\/303"}],"wp:attachment":[{"href":"https:\/\/www.payrossilaw.com\/es\/wp-json\/wp\/v2\/media?parent=213"}],"curies":[{"name":"wp","href":"https:\/\/api.w.org\/{rel}","templated":true}]}}