{"id":249,"date":"2019-05-13T14:32:22","date_gmt":"2019-05-13T18:32:22","guid":{"rendered":"https:\/\/www.payrossilaw.com\/mapa-del-sitio\/"},"modified":"2019-05-13T14:32:22","modified_gmt":"2019-05-13T18:32:22","slug":"mapa-del-sitio","status":"publish","type":"page","link":"https:\/\/www.payrossilaw.com\/es\/mapa-del-sitio\/","title":{"rendered":"mapa del sitio"},"content":{"rendered":"<div class=\"wsp-container\"><h2 class=\"wsp-pages-title\">P\u00e1ginas<\/h2>\n<ul class=\"wsp-pages-list\">\n<li class=\"page_item page-item-222\"><a href=\"https:\/\/www.payrossilaw.com\/es\/contest-the-debt-respond-or-file-a-request\/\">Contest the debt, respond, or file a request<\/a><\/li>\n<li class=\"page_item page-item-196\"><a href=\"https:\/\/www.payrossilaw.com\/es\/make-a-payment-by-credit-card\/\">Haga un pago con tarjeta de cr\u00e9dito<\/a><\/li>\n<li class=\"page_item page-item-225\"><a href=\"https:\/\/www.payrossilaw.com\/es\/contest-the-debt-respond-or-file-a-request-2\/\">Impugnar la deuda, responder o presentar una solicitud<\/a><\/li>\n<li class=\"page_item page-item-216\"><a href=\"https:\/\/www.payrossilaw.com\/es\/informacion-sobre-facturas-medicas\/\">Informaci\u00f3n sobre facturas m\u00e9dicas<\/a><\/li>\n<li class=\"page_item page-item-188\"><a href=\"https:\/\/www.payrossilaw.com\/es\/\">Inicio<\/a><\/li>\n<li class=\"page_item page-item-249\"><a href=\"https:\/\/www.payrossilaw.com\/es\/mapa-del-sitio\/\">mapa del sitio<\/a><\/li>\n<li class=\"page_item page-item-206\"><a href=\"https:\/\/www.payrossilaw.com\/es\/preguntas-frecuentes\/\">Preguntas frecuentes<\/a><\/li>\n<li class=\"page_item page-item-213\"><a href=\"https:\/\/www.payrossilaw.com\/es\/preguntas-frecuentes-sobre-el-impuesto-a-bienes-materiales-de-rhode-island\/\">Preguntas frecuentes sobre el impuesto a sobre bienes materiales de Rhode Island<\/a><\/li>\n<li class=\"page_item page-item-219\"><a href=\"https:\/\/www.payrossilaw.com\/es\/preguntas-frecuentes-sobre-el-impuesto-a-vehiculos-motorizados-de-connecticut\/\">Preguntas frecuentes sobre el impuesto a veh\u00edculos motorizados de Connecticut<\/a><\/li>\n<li class=\"page_item page-item-209\"><a href=\"https:\/\/www.payrossilaw.com\/es\/preguntas-frecuentes-sobre-el-impuesto-especial-a-vehiculos-motorizados-de-rhode-island\/\">Preguntas frecuentes sobre el impuesto especial a veh\u00edculos motorizados de Rhode Island<\/a><\/li>\n<li class=\"page_item page-item-203\"><a href=\"https:\/\/www.payrossilaw.com\/es\/proponga-un-plan-de-pago\/\">Proponga un plan de pago<\/a><\/li>\n<\/ul>\n<\/div>\n","protected":false},"excerpt":{"rendered":"P\u00e1ginas Contest the debt, respond, or file a request Haga un pago con tarjeta de cr\u00e9dito Impugnar la deuda, responder o presentar una solicitud Informaci\u00f3n sobre facturas m\u00e9dicas Inicio mapa del sitio Preguntas frecuentes Preguntas frecuentes sobre el impuesto a sobre bienes materiales de Rhode Island Preguntas frecuentes sobre el impuesto a veh\u00edculos motorizados de...","protected":false},"author":1,"featured_media":0,"parent":0,"menu_order":0,"comment_status":"closed","ping_status":"closed","template":"","meta":{"footnotes":""},"class_list":["post-249","page","type-page","status-publish","hentry"],"_links":{"self":[{"href":"https:\/\/www.payrossilaw.com\/es\/wp-json\/wp\/v2\/pages\/249","targetHints":{"allow":["GET"]}}],"collection":[{"href":"https:\/\/www.payrossilaw.com\/es\/wp-json\/wp\/v2\/pages"}],"about":[{"href":"https:\/\/www.payrossilaw.com\/es\/wp-json\/wp\/v2\/types\/page"}],"author":[{"embeddable":true,"href":"https:\/\/www.payrossilaw.com\/es\/wp-json\/wp\/v2\/users\/1"}],"replies":[{"embeddable":true,"href":"https:\/\/www.payrossilaw.com\/es\/wp-json\/wp\/v2\/comments?post=249"}],"version-history":[{"count":0,"href":"https:\/\/www.payrossilaw.com\/es\/wp-json\/wp\/v2\/pages\/249\/revisions"}],"wp:attachment":[{"href":"https:\/\/www.payrossilaw.com\/es\/wp-json\/wp\/v2\/media?parent=249"}],"curies":[{"name":"wp","href":"https:\/\/api.w.org\/{rel}","templated":true}]}}